{"id":45,"date":"2021-01-30T15:25:19","date_gmt":"2021-01-30T15:25:19","guid":{"rendered":"https:\/\/www.mendesecaco.com\/inicio\/?page_id=45"},"modified":"2022-08-29T17:13:08","modified_gmt":"2022-08-29T17:13:08","slug":"servicos","status":"publish","type":"page","link":"https:\/\/www.mendesecaco.com\/inicio\/servicos\/","title":{"rendered":"Servi\u00e7os"},"content":{"rendered":"<div id=\"pl-45\"  class=\"panel-layout\" ><div id=\"pg-45-0\"  class=\"panel-grid panel-no-style\" ><div id=\"pgc-45-0-0\"  class=\"panel-grid-cell\" ><div id=\"panel-45-0-0-0\" class=\"so-panel widget widget_sow-slider panel-first-child panel-last-child\" data-index=\"0\" ><div\n\t\t\t\n\t\t\tclass=\"so-widget-sow-slider so-widget-sow-slider-default-6d39609536fd-45\"\n\t\t\t\n\t\t>\t\t\t\t<div class=\"sow-slider-base\" style=\"display: none\" tabindex=\"0\">\n\t\t\t\t\t<ul\n\t\t\t\t\tclass=\"sow-slider-images\"\n\t\t\t\t\tdata-settings=\"{&quot;pagination&quot;:true,&quot;speed&quot;:800,&quot;timeout&quot;:8000,&quot;paused&quot;:false,&quot;pause_on_hover&quot;:true,&quot;swipe&quot;:true,&quot;nav_always_show_desktop&quot;:&quot;&quot;,&quot;nav_always_show_mobile&quot;:&quot;&quot;,&quot;breakpoint&quot;:&quot;780px&quot;,&quot;unmute&quot;:false,&quot;anchor&quot;:null}\"\n\t\t\t\t\t\t\t\t\t\tdata-anchor-id=\"\"\n\t\t\t\t>\t\t<li class=\"sow-slider-image\" style=\"visibility: visible;\" >\n\t\t\t\t\t\t<img loading=\"lazy\" decoding=\"async\" width=\"2134\" height=\"664\" src=\"https:\/\/www.mendesecaco.com\/inicio\/wp-content\/uploads\/2022\/08\/banner_servicos.png\" class=\"sow-slider-background-image\" alt=\"\" style=\"\" srcset=\"https:\/\/www.mendesecaco.com\/inicio\/wp-content\/uploads\/2022\/08\/banner_servicos.png 2134w, https:\/\/www.mendesecaco.com\/inicio\/wp-content\/uploads\/2022\/08\/banner_servicos-300x93.png 300w, https:\/\/www.mendesecaco.com\/inicio\/wp-content\/uploads\/2022\/08\/banner_servicos-1024x319.png 1024w, https:\/\/www.mendesecaco.com\/inicio\/wp-content\/uploads\/2022\/08\/banner_servicos-768x239.png 768w, https:\/\/www.mendesecaco.com\/inicio\/wp-content\/uploads\/2022\/08\/banner_servicos-1536x478.png 1536w, https:\/\/www.mendesecaco.com\/inicio\/wp-content\/uploads\/2022\/08\/banner_servicos-2048x637.png 2048w\" sizes=\"auto, (max-width: 2134px) 100vw, 2134px\" \/>\t\t<\/li>\n\t\t<\/ul>\t\t\t\t<ol class=\"sow-slider-pagination\">\n\t\t\t\t\t\t\t\t\t\t\t<li><a href=\"#\" data-goto=\"0\" aria-label=\"Display slide 1\"><\/a><\/li>\n\t\t\t\t\t\t\t\t\t<\/ol>\n\n\t\t\t\t<div class=\"sow-slide-nav sow-slide-nav-next\">\n\t\t\t\t\t<a href=\"#\" data-goto=\"next\" aria-label=\"Next slide\" data-action=\"next\">\n\t\t\t\t\t\t<em class=\"sow-sld-icon-thin-right\"><\/em>\n\t\t\t\t\t<\/a>\n\t\t\t\t<\/div>\n\n\t\t\t\t<div class=\"sow-slide-nav sow-slide-nav-prev\">\n\t\t\t\t\t<a href=\"#\" data-goto=\"previous\" aria-label=\"Previous slide\" data-action=\"prev\">\n\t\t\t\t\t\t<em class=\"sow-sld-icon-thin-left\"><\/em>\n\t\t\t\t\t<\/a>\n\t\t\t\t<\/div>\n\t\t\t\t<\/div><\/div><\/div><\/div><\/div><div id=\"pg-45-1\"  class=\"panel-grid panel-has-style\" ><div class=\"panel-row-style panel-row-style-for-45-1\" ><div id=\"pgc-45-1-0\"  class=\"panel-grid-cell\" ><div id=\"panel-45-1-0-0\" class=\"so-panel widget widget_sow-editor panel-first-child panel-last-child\" data-index=\"1\" ><div\n\t\t\t\n\t\t\tclass=\"so-widget-sow-editor so-widget-sow-editor-base\"\n\t\t\t\n\t\t><h3 class=\"widget-title\">OS NOSSOS SERVI\u00c7OS<\/h3>\n<div class=\"siteorigin-widget-tinymce textwidget\">\n\t<p style=\"text-align: justify;\">O sucesso de cada tarefa depende tamb\u00e9m da ferramenta ou acess\u00f3rio que utiliza.<\/p>\n<p style=\"text-align: justify;\">Para tal comercializamos uma vasta gama de equipamentos de qualidade para que realize a sua tarefa ou fun\u00e7\u00e3o com comodidade, rapidez e perfei\u00e7\u00e3o.<\/p>\n<\/div>\n<\/div><\/div><\/div><\/div><\/div><div id=\"pg-45-2\"  class=\"panel-grid panel-has-style\" ><div class=\"panel-row-style panel-row-style-for-45-2\" ><div id=\"pgc-45-2-0\"  class=\"panel-grid-cell\" ><div id=\"panel-45-2-0-0\" class=\"so-panel widget widget_sow-editor panel-first-child panel-last-child\" data-index=\"2\" ><div\n\t\t\t\n\t\t\tclass=\"so-widget-sow-editor so-widget-sow-editor-base\"\n\t\t\t\n\t\t><h3 class=\"widget-title\">ASSIST\u00caNCIA T\u00c9CNICA<\/h3>\n<div class=\"siteorigin-widget-tinymce textwidget\">\n\t<p style=\"text-align: justify;\">Dispomos de profissionais especializados para ajudar a solucionar ou esclarecer qualquer tipo de problemas que o seu equipamento possa ter.<\/p>\n<p style=\"text-align: justify;\">Contate-nos e visite as nossas instala\u00e7\u00f5es.<\/p>\n<\/div>\n<\/div><\/div><\/div><\/div><\/div><\/div>","protected":false},"excerpt":{"rendered":"<p>O sucesso de cada tarefa depende tamb\u00e9m da ferramenta ou acess\u00f3rio que utiliza. Para tal comercializamos uma vasta gama de equipamentos de qualidade para que realize a sua tarefa ou fun\u00e7\u00e3o com comodidade, rapidez e perfei\u00e7\u00e3o.<\/p>\n","protected":false},"author":1,"featured_media":0,"parent":0,"menu_order":0,"comment_status":"closed","ping_status":"closed","template":"templates\/fullwidth.php","meta":{"footnotes":""},"class_list":["post-45","page","type-page","status-publish","hentry"],"_links":{"self":[{"href":"https:\/\/www.mendesecaco.com\/inicio\/wp-json\/wp\/v2\/pages\/45","targetHints":{"allow":["GET"]}}],"collection":[{"href":"https:\/\/www.mendesecaco.com\/inicio\/wp-json\/wp\/v2\/pages"}],"about":[{"href":"https:\/\/www.mendesecaco.com\/inicio\/wp-json\/wp\/v2\/types\/page"}],"author":[{"embeddable":true,"href":"https:\/\/www.mendesecaco.com\/inicio\/wp-json\/wp\/v2\/users\/1"}],"replies":[{"embeddable":true,"href":"https:\/\/www.mendesecaco.com\/inicio\/wp-json\/wp\/v2\/comments?post=45"}],"version-history":[{"count":18,"href":"https:\/\/www.mendesecaco.com\/inicio\/wp-json\/wp\/v2\/pages\/45\/revisions"}],"predecessor-version":[{"id":685,"href":"https:\/\/www.mendesecaco.com\/inicio\/wp-json\/wp\/v2\/pages\/45\/revisions\/685"}],"wp:attachment":[{"href":"https:\/\/www.mendesecaco.com\/inicio\/wp-json\/wp\/v2\/media?parent=45"}],"curies":[{"name":"wp","href":"https:\/\/api.w.org\/{rel}","templated":true}]}}