{"id":421,"date":"2022-08-28T18:24:53","date_gmt":"2022-08-28T18:24:53","guid":{"rendered":"https:\/\/www.mendesecaco.com\/inicio\/?page_id=421"},"modified":"2022-08-29T22:45:48","modified_gmt":"2022-08-29T22:45:48","slug":"ferramentas-manuais","status":"publish","type":"page","link":"https:\/\/www.mendesecaco.com\/inicio\/politicas-de-privacidade\/ferramentas-manuais\/","title":{"rendered":"Ferramentas Manuais"},"content":{"rendered":"<div id=\"pl-421\"  class=\"panel-layout\" ><div id=\"pg-421-0\"  class=\"panel-grid panel-no-style\" ><div id=\"pgc-421-0-0\"  class=\"panel-grid-cell\" ><div id=\"panel-421-0-0-0\" class=\"so-panel widget widget_sow-slider panel-first-child panel-last-child\" data-index=\"0\" ><div\n\t\t\t\n\t\t\tclass=\"so-widget-sow-slider so-widget-sow-slider-default-6d39609536fd-421\"\n\t\t\t\n\t\t>\t\t\t\t<div class=\"sow-slider-base\" style=\"display: none\" tabindex=\"0\">\n\t\t\t\t\t<ul\n\t\t\t\t\tclass=\"sow-slider-images\"\n\t\t\t\t\tdata-settings=\"{&quot;pagination&quot;:true,&quot;speed&quot;:800,&quot;timeout&quot;:8000,&quot;paused&quot;:false,&quot;pause_on_hover&quot;:true,&quot;swipe&quot;:true,&quot;nav_always_show_desktop&quot;:&quot;&quot;,&quot;nav_always_show_mobile&quot;:&quot;&quot;,&quot;breakpoint&quot;:&quot;780px&quot;,&quot;unmute&quot;:false,&quot;anchor&quot;:null}\"\n\t\t\t\t\t\t\t\t\t\tdata-anchor-id=\"\"\n\t\t\t\t>\t\t<li class=\"sow-slider-image\" style=\"visibility: visible;\" >\n\t\t\t\t\t\t<img loading=\"lazy\" decoding=\"async\" width=\"2149\" height=\"665\" src=\"https:\/\/www.mendesecaco.com\/inicio\/wp-content\/uploads\/2022\/08\/banner_produto_ferramentas_01.png\" class=\"sow-slider-background-image\" alt=\"\" style=\"\" srcset=\"https:\/\/www.mendesecaco.com\/inicio\/wp-content\/uploads\/2022\/08\/banner_produto_ferramentas_01.png 2149w, https:\/\/www.mendesecaco.com\/inicio\/wp-content\/uploads\/2022\/08\/banner_produto_ferramentas_01-300x93.png 300w, https:\/\/www.mendesecaco.com\/inicio\/wp-content\/uploads\/2022\/08\/banner_produto_ferramentas_01-1024x317.png 1024w, https:\/\/www.mendesecaco.com\/inicio\/wp-content\/uploads\/2022\/08\/banner_produto_ferramentas_01-768x238.png 768w, https:\/\/www.mendesecaco.com\/inicio\/wp-content\/uploads\/2022\/08\/banner_produto_ferramentas_01-1536x475.png 1536w, https:\/\/www.mendesecaco.com\/inicio\/wp-content\/uploads\/2022\/08\/banner_produto_ferramentas_01-2048x634.png 2048w\" sizes=\"auto, (max-width: 2149px) 100vw, 2149px\" \/>\t\t<\/li>\n\t\t\t\t<li class=\"sow-slider-image\" style=\"visibility: hidden;\" >\n\t\t\t\t\t\t<img loading=\"lazy\" decoding=\"async\" width=\"2131\" height=\"665\" src=\"https:\/\/www.mendesecaco.com\/inicio\/wp-content\/uploads\/2022\/08\/banner_produto_ferramentas_02.png\" class=\"sow-slider-background-image\" alt=\"\" style=\"\" srcset=\"https:\/\/www.mendesecaco.com\/inicio\/wp-content\/uploads\/2022\/08\/banner_produto_ferramentas_02.png 2131w, https:\/\/www.mendesecaco.com\/inicio\/wp-content\/uploads\/2022\/08\/banner_produto_ferramentas_02-300x94.png 300w, https:\/\/www.mendesecaco.com\/inicio\/wp-content\/uploads\/2022\/08\/banner_produto_ferramentas_02-1024x320.png 1024w, https:\/\/www.mendesecaco.com\/inicio\/wp-content\/uploads\/2022\/08\/banner_produto_ferramentas_02-768x240.png 768w, https:\/\/www.mendesecaco.com\/inicio\/wp-content\/uploads\/2022\/08\/banner_produto_ferramentas_02-1536x479.png 1536w, https:\/\/www.mendesecaco.com\/inicio\/wp-content\/uploads\/2022\/08\/banner_produto_ferramentas_02-2048x639.png 2048w\" sizes=\"auto, (max-width: 2131px) 100vw, 2131px\" \/>\t\t<\/li>\n\t\t\t\t<li class=\"sow-slider-image\" style=\"visibility: hidden;\" >\n\t\t\t\t\t\t<img loading=\"lazy\" decoding=\"async\" width=\"2133\" height=\"665\" src=\"https:\/\/www.mendesecaco.com\/inicio\/wp-content\/uploads\/2022\/08\/banner_produto_ferramentas_03.png\" class=\"sow-slider-background-image\" alt=\"\" style=\"\" srcset=\"https:\/\/www.mendesecaco.com\/inicio\/wp-content\/uploads\/2022\/08\/banner_produto_ferramentas_03.png 2133w, https:\/\/www.mendesecaco.com\/inicio\/wp-content\/uploads\/2022\/08\/banner_produto_ferramentas_03-300x94.png 300w, https:\/\/www.mendesecaco.com\/inicio\/wp-content\/uploads\/2022\/08\/banner_produto_ferramentas_03-1024x319.png 1024w, https:\/\/www.mendesecaco.com\/inicio\/wp-content\/uploads\/2022\/08\/banner_produto_ferramentas_03-768x239.png 768w, https:\/\/www.mendesecaco.com\/inicio\/wp-content\/uploads\/2022\/08\/banner_produto_ferramentas_03-1536x479.png 1536w, https:\/\/www.mendesecaco.com\/inicio\/wp-content\/uploads\/2022\/08\/banner_produto_ferramentas_03-2048x638.png 2048w\" sizes=\"auto, (max-width: 2133px) 100vw, 2133px\" \/>\t\t<\/li>\n\t\t<\/ul>\t\t\t\t<ol class=\"sow-slider-pagination\">\n\t\t\t\t\t\t\t\t\t\t\t<li><a href=\"#\" data-goto=\"0\" aria-label=\"Display slide 1\"><\/a><\/li>\n\t\t\t\t\t\t\t\t\t\t\t<li><a href=\"#\" data-goto=\"1\" aria-label=\"Display slide 2\"><\/a><\/li>\n\t\t\t\t\t\t\t\t\t\t\t<li><a href=\"#\" data-goto=\"2\" aria-label=\"Display slide 3\"><\/a><\/li>\n\t\t\t\t\t\t\t\t\t<\/ol>\n\n\t\t\t\t<div class=\"sow-slide-nav sow-slide-nav-next\">\n\t\t\t\t\t<a href=\"#\" data-goto=\"next\" aria-label=\"Next slide\" data-action=\"next\">\n\t\t\t\t\t\t<em class=\"sow-sld-icon-thin-right\"><\/em>\n\t\t\t\t\t<\/a>\n\t\t\t\t<\/div>\n\n\t\t\t\t<div class=\"sow-slide-nav sow-slide-nav-prev\">\n\t\t\t\t\t<a href=\"#\" data-goto=\"previous\" aria-label=\"Previous slide\" data-action=\"prev\">\n\t\t\t\t\t\t<em class=\"sow-sld-icon-thin-left\"><\/em>\n\t\t\t\t\t<\/a>\n\t\t\t\t<\/div>\n\t\t\t\t<\/div><\/div><\/div><\/div><\/div><div id=\"pg-421-1\"  class=\"panel-grid panel-has-style\" ><div class=\"panel-row-style panel-row-style-for-421-1\" ><div id=\"pgc-421-1-0\"  class=\"panel-grid-cell\" ><div id=\"panel-421-1-0-0\" class=\"so-panel widget widget_lsow-heading panel-first-child\" data-index=\"1\" ><div\n\t\t\t\n\t\t\tclass=\"so-widget-lsow-heading so-widget-lsow-heading-default-c5296dd96cc2-421\"\n\t\t\t\n\t\t><div class=\"lsow-heading lsow-style3 lsow-alignleft \" ><h3 class=\"lsow-title\">FERRAMENTAS MANUAIS<\/h3><\/div><!-- .lsow-heading --><\/div><\/div><div id=\"panel-421-1-0-1\" class=\"so-panel widget widget_sow-editor\" data-index=\"2\" ><div\n\t\t\t\n\t\t\tclass=\"so-widget-sow-editor so-widget-sow-editor-base\"\n\t\t\t\n\t\t><h3 class=\"widget-title\">BETA<\/h3>\n<div class=\"siteorigin-widget-tinymce textwidget\">\n\t<p>Descri\u00e7\u00e3o: Ferramentas manuais de alta qualidade.<\/p>\n<p>Website: <a href=\"https:\/\/www.beta-tools.com\/\" target=\"_blank\" rel=\"noopener\">www.beta-tools.com<\/a><\/p>\n<p>Cat\u00e1logo:<\/p>\n<ol>\n<li><a href=\"https:\/\/www.mendesecaco.com\/inicio\/wp-content\/uploads\/2022\/08\/Catalogo BETA - Autopromotec 2013 (Novidades).pdf\" target=\"_blank\" rel=\"noopener\">Catalogo BETA - Autopromotec 2013 (Novidades).pdf<\/a><\/li>\n<li><a href=\"https:\/\/www.mendesecaco.com\/inicio\/wp-content\/uploads\/2022\/08\/Catalogo BETA 2013 Parte I.pdf\" target=\"_blank\" rel=\"noopener\">Catalogo BETA 2013 Parte I.pdf<\/a><\/li>\n<li><a href=\"https:\/\/www.mendesecaco.com\/inicio\/wp-content\/uploads\/2022\/08\/Catalogo BETA 2013 Parte II.pdf\" target=\"_blank\" rel=\"noopener\">Catalogo BETA 2013 Parte II.pdf<\/a><\/li>\n<li><a href=\"https:\/\/www.mendesecaco.com\/inicio\/wp-content\/uploads\/2022\/08\/Catalogo BETA Folheto Institucional.pdf\" target=\"_blank\" rel=\"noopener\">Catalogo BETA Folheto Institucional.pdf<\/a><\/li>\n<li><a href=\"https:\/\/www.mendesecaco.com\/inicio\/wp-content\/uploads\/2022\/08\/Catalogo BETA Promocao ACTION 2013 Parte I.pdf\" target=\"_blank\" rel=\"noopener\">Catalogo BETA Promocao ACTION 2013 Parte I.pdf<\/a><\/li>\n<li><a href=\"https:\/\/www.mendesecaco.com\/inicio\/wp-content\/uploads\/2022\/08\/Catalogo BETA Promocao ACTION 2013 Parte II.pdf\" target=\"_blank\" rel=\"noopener\">Catalogo BETA Promocao ACTION 2013 Parte II.pdf<\/a><\/li>\n<\/ol>\n<\/div>\n<\/div><\/div><div id=\"panel-421-1-0-2\" class=\"so-panel widget widget_sow-editor\" data-index=\"3\" ><div\n\t\t\t\n\t\t\tclass=\"so-widget-sow-editor so-widget-sow-editor-base\"\n\t\t\t\n\t\t><h3 class=\"widget-title\">STABILA<\/h3>\n<div class=\"siteorigin-widget-tinymce textwidget\">\n\t<p>Descri\u00e7\u00e3o: Fitas m\u00e9tricas, miras e lasers.<\/p>\n<p>Website: <a href=\"http:\/\/www.stabila.de\/\" target=\"_blank\" rel=\"noopener\">www.stabila.de<\/a><\/p>\n<p>Cat\u00e1logo:<\/p>\n<ol>\n<li><a href=\"https:\/\/www.mendesecaco.com\/inicio\/wp-content\/uploads\/2022\/08\/Catalogo STABILA Geral 2013.pdf\" target=\"_blank\" rel=\"noopener\">Catalogo STABILA Geral 2013.pdf<\/a><\/li>\n<li><a href=\"https:\/\/www.mendesecaco.com\/inicio\/wp-content\/uploads\/2022\/08\/Catalogo STABILA Folheto de Novidades 2013.pdf\" target=\"_blank\" rel=\"noopener\">Catalogo STABILA Folheto de Novidades 2013.pdf<\/a><\/li>\n<\/ol>\n<\/div>\n<\/div><\/div><div id=\"panel-421-1-0-3\" class=\"so-panel widget widget_sow-editor\" data-index=\"4\" ><div\n\t\t\t\n\t\t\tclass=\"so-widget-sow-editor so-widget-sow-editor-base\"\n\t\t\t\n\t\t><h3 class=\"widget-title\">ECLIPSE<\/h3>\n<div class=\"siteorigin-widget-tinymce textwidget\">\n\t<p>Descri\u00e7\u00e3o: Folhas e Arma\u00e7\u00f5es de Serrote, Serras Craneanas, etc.<\/p>\n<p>Website: <a href=\"https:\/\/www.spear-and-jackson.com\/\" target=\"_blank\" rel=\"noopener\">www.spear-and-jackson.com<\/a><\/p>\n<p>Cat\u00e1logo: <a href=\"https:\/\/www.mendesecaco.com\/inicio\/wp-content\/uploads\/2022\/08\/Catalogo ECLIPSE.pdf\" target=\"_blank\" rel=\"noopener\">Catalogo ECLIPSE.pdf<\/a><\/p>\n<\/div>\n<\/div><\/div><div id=\"panel-421-1-0-4\" class=\"so-panel widget widget_sow-editor\" data-index=\"5\" ><div\n\t\t\t\n\t\t\tclass=\"so-widget-sow-editor so-widget-sow-editor-base\"\n\t\t\t\n\t\t><h3 class=\"widget-title\">IREGA<\/h3>\n<div class=\"siteorigin-widget-tinymce textwidget\">\n\t<p>Descri\u00e7\u00e3o: Chaves Tipo Crescente e Alicates Corta Arame.<\/p>\n<p>Website: <a href=\"http:\/\/www.irega.es\/\" target=\"_blank\" rel=\"noopener\">www.irega.es<\/a><\/p>\n<p>Cat\u00e1logo: <a href=\"https:\/\/www.mendesecaco.com\/inicio\/wp-content\/uploads\/2022\/08\/Catalogo IREGA.pdf\" target=\"_blank\" rel=\"noopener\">Catalogo IREGA.pdf<\/a><\/p>\n<\/div>\n<\/div><\/div><div id=\"panel-421-1-0-5\" class=\"so-panel widget widget_sow-editor\" data-index=\"6\" ><div\n\t\t\t\n\t\t\tclass=\"so-widget-sow-editor so-widget-sow-editor-base\"\n\t\t\t\n\t\t><h3 class=\"widget-title\">DKSH<\/h3>\n<div class=\"siteorigin-widget-tinymce textwidget\">\n\t<p>Descri\u00e7\u00e3o: Conjunto de mala com ferramentas.<\/p>\n<p>Website: <a href=\"http:\/\/www.dksh.com\/\" target=\"_blank\" rel=\"noopener\">www.dksh.com<\/a><\/p>\n<p>Cat\u00e1logo: <a href=\"https:\/\/www.mendesecaco.com\/inicio\/wp-content\/uploads\/2022\/08\/Catalogo DKSH.pdf\" target=\"_blank\" rel=\"noopener\">Catalogo DKSH.pdf<\/a><\/p>\n<\/div>\n<\/div><\/div><div id=\"panel-421-1-0-6\" class=\"so-panel widget widget_sow-editor\" data-index=\"7\" ><div\n\t\t\t\n\t\t\tclass=\"so-widget-sow-editor so-widget-sow-editor-base\"\n\t\t\t\n\t\t><h3 class=\"widget-title\">WILTON<\/h3>\n<div class=\"siteorigin-widget-tinymce textwidget\">\n\t<p>Descri\u00e7\u00e3o: Tornos e Bancadas.<\/p>\n<p>Website: <a href=\"http:\/\/http\/\/www.wiltontool.com\/\" target=\"_blank\" rel=\"noopener\">www.wiltontool.com<\/a><\/p>\n<\/div>\n<\/div><\/div><div id=\"panel-421-1-0-7\" class=\"so-panel widget widget_sow-editor panel-last-child\" data-index=\"8\" ><div\n\t\t\t\n\t\t\tclass=\"so-widget-sow-editor so-widget-sow-editor-base\"\n\t\t\t\n\t\t><h3 class=\"widget-title\">BESSEY<\/h3>\n<div class=\"siteorigin-widget-tinymce textwidget\">\n\t<p>Descri\u00e7\u00e3o: Grampos de aperto.<\/p>\n<p>Website: <a href=\"https:\/\/www.bessey.de\/pt-PT\" target=\"_blank\" rel=\"noopener\">www.bessey.de<\/a><\/p>\n<p>Cat\u00e1logo: <a href=\"https:\/\/www.mendesecaco.com\/inicio\/wp-content\/uploads\/2022\/08\/Catalogo Geral BESSEY 2013-2014.pdf\" target=\"_blank\" rel=\"noopener\">Catalogo Geral BESSEY 2013-2014.pdf<\/a><\/p>\n<\/div>\n<\/div><\/div><\/div><div id=\"pgc-421-1-1\"  class=\"panel-grid-cell\" ><div id=\"panel-421-1-1-0\" class=\"so-panel widget widget_nav_menu panel-first-child\" data-index=\"9\" ><h3 class=\"widget-title\">Produtos<\/h3><div class=\"menu-produtos-lateral-container\"><ul id=\"menu-produtos-lateral\" class=\"menu\"><li id=\"menu-item-103\" class=\"menu-item menu-item-type-post_type menu-item-object-page menu-item-103\"><a href=\"https:\/\/www.mendesecaco.com\/inicio\/politicas-de-privacidade\/ar-comprimido-pintura\/\">Ar Comprimido e Pintura<\/a><\/li>\n<li id=\"menu-item-332\" class=\"menu-item menu-item-type-post_type menu-item-object-page menu-item-332\"><a href=\"https:\/\/www.mendesecaco.com\/inicio\/politicas-de-privacidade\/jardim-e-floresta\/\">Jardim e Floresta<\/a><\/li>\n<li id=\"menu-item-426\" class=\"menu-item menu-item-type-post_type menu-item-object-page menu-item-426\"><a href=\"https:\/\/www.mendesecaco.com\/inicio\/politicas-de-privacidade\/ferramentas-manuais\/\">Ferramentas Manuais<\/a><\/li>\n<li id=\"menu-item-458\" class=\"menu-item menu-item-type-post_type menu-item-object-page menu-item-458\"><a href=\"https:\/\/www.mendesecaco.com\/inicio\/politicas-de-privacidade\/ferramentas-eletricas\/\">Ferramentas Eletricas<\/a><\/li>\n<li id=\"menu-item-478\" class=\"menu-item menu-item-type-post_type menu-item-object-page menu-item-478\"><a href=\"https:\/\/www.mendesecaco.com\/inicio\/politicas-de-privacidade\/equipamentos-para-madeiras\/\">Equipamentos para Madeiras<\/a><\/li>\n<li id=\"menu-item-498\" class=\"menu-item menu-item-type-post_type menu-item-object-page menu-item-498\"><a href=\"https:\/\/www.mendesecaco.com\/inicio\/politicas-de-privacidade\/equipamentos-para-matalomecanica\/\">Equipamentos para Metalomec\u00e2nica<\/a><\/li>\n<li id=\"menu-item-517\" class=\"menu-item menu-item-type-post_type menu-item-object-page menu-item-517\"><a href=\"https:\/\/www.mendesecaco.com\/inicio\/politicas-de-privacidade\/garagem-e-estacao-servico\/\">Garagem e Esta\u00e7\u00e3o de Servi\u00e7o<\/a><\/li>\n<li id=\"menu-item-533\" class=\"menu-item menu-item-type-post_type menu-item-object-page menu-item-533\"><a href=\"https:\/\/www.mendesecaco.com\/inicio\/politicas-de-privacidade\/outras-maquinas-e-acessorios\/\">Outras M\u00e1quinas e Acess\u00f3rios<\/a><\/li>\n<\/ul><\/div><\/div><div id=\"panel-421-1-1-1\" class=\"so-panel widget widget_search panel-last-child\" data-index=\"10\" ><form method=\"get\" id=\"searchform\" action=\"https:\/\/www.mendesecaco.com\/inicio\/\">\n\t<div class=\"form-group\">\n    \t<input type=\"text\" class=\"form-control\"  name=\"s\" id=\"s\"\/ required>\n    \t<label>Pesquisar<\/label>\n\t<\/div>\n\t<button type=\"submit\" class=\"btn\">Pesquisar<\/button>\n<\/form><\/div><\/div><\/div><\/div><\/div>","protected":false},"excerpt":{"rendered":"<p>Descri\u00e7\u00e3o: Ferramentas manuais de alta qualidade. Website: www.beta-tools.com Cat\u00e1logo: Catalogo BETA &#8211; Autopromotec 2013 (Novidades).pdf Catalogo BETA 2013 Parte I.pdf Catalogo BETA 2013 Parte II.pdf Catalogo BETA Folheto Institucional.pdf Catalogo BETA Promocao ACTION 2013 Parte I.pdf Catalogo BETA Promocao ACTION 2013 Parte II.pdf Descri\u00e7\u00e3o: Fitas m\u00e9tricas, miras e lasers. Website: www.stabila.de Cat\u00e1logo: Catalogo STABILA Geral [&hellip;]<\/p>\n","protected":false},"author":1,"featured_media":0,"parent":36,"menu_order":0,"comment_status":"closed","ping_status":"closed","template":"templates\/fullwidth.php","meta":{"footnotes":""},"class_list":["post-421","page","type-page","status-publish","hentry"],"_links":{"self":[{"href":"https:\/\/www.mendesecaco.com\/inicio\/wp-json\/wp\/v2\/pages\/421","targetHints":{"allow":["GET"]}}],"collection":[{"href":"https:\/\/www.mendesecaco.com\/inicio\/wp-json\/wp\/v2\/pages"}],"about":[{"href":"https:\/\/www.mendesecaco.com\/inicio\/wp-json\/wp\/v2\/types\/page"}],"author":[{"embeddable":true,"href":"https:\/\/www.mendesecaco.com\/inicio\/wp-json\/wp\/v2\/users\/1"}],"replies":[{"embeddable":true,"href":"https:\/\/www.mendesecaco.com\/inicio\/wp-json\/wp\/v2\/comments?post=421"}],"version-history":[{"count":27,"href":"https:\/\/www.mendesecaco.com\/inicio\/wp-json\/wp\/v2\/pages\/421\/revisions"}],"predecessor-version":[{"id":736,"href":"https:\/\/www.mendesecaco.com\/inicio\/wp-json\/wp\/v2\/pages\/421\/revisions\/736"}],"up":[{"embeddable":true,"href":"https:\/\/www.mendesecaco.com\/inicio\/wp-json\/wp\/v2\/pages\/36"}],"wp:attachment":[{"href":"https:\/\/www.mendesecaco.com\/inicio\/wp-json\/wp\/v2\/media?parent=421"}],"curies":[{"name":"wp","href":"https:\/\/api.w.org\/{rel}","templated":true}]}}